{"id":713,"date":"2025-04-27T09:50:18","date_gmt":"2025-04-27T07:50:18","guid":{"rendered":"https:\/\/fwstockheim.de\/?page_id=713"},"modified":"2025-04-27T23:35:05","modified_gmt":"2025-04-27T21:35:05","slug":"infos-fuer-festumzugsteilnehmer","status":"publish","type":"page","link":"https:\/\/fwstockheim.de\/?page_id=713","title":{"rendered":"Infos f\u00fcr Festumzugsteilnehmer"},"content":{"rendered":"<p><strong>Sonntag, 4. Mai &#8211; <\/strong><strong>Aufstellung und Anmeldung ab 13:30 Uhr:<\/strong><br \/><strong>Dorfplatz (BRK-Heim &#8211; Bergwerkstr. 27)<\/strong><\/p>\n<p>Die Aufstellfl\u00e4chen befinden sich in der Ziegenr\u00fcckstr., Traindorfer Str. sowie der Bergwerkstr. ab Gasthaus &#8222;Alte Zeche&#8220;.<\/p>\n<p>Zum Aussteigen der Teilnehmer, <strong>bitte \u00fcber Neukenroth<\/strong> und die Schulstra\u00dfe <strong>anfahren<\/strong> &#8211; Aussteigen am Dorfplatz &#8211; Abfahrt \u00fcber Bergwerkstra\u00dfe (s\u00fcdlich) &#8211; Anschlie\u00dfend parken auf den ausgewiesenen Parkpl\u00e4tzen. Von dort werden die <strong>Fahrer(innen)<\/strong> zum Dorfplatz mittels Shuttle gebracht.<\/p>\n<p><img loading=\"lazy\" decoding=\"async\" class=\"aligncenter size-full wp-image-728\" src=\"https:\/\/fwstockheim.de\/wp-content\/uploads\/2025\/04\/Anfahrt-Umzug.jpg\" alt=\"\" width=\"364\" height=\"672\" srcset=\"https:\/\/fwstockheim.de\/wp-content\/uploads\/2025\/04\/Anfahrt-Umzug.jpg 364w, https:\/\/fwstockheim.de\/wp-content\/uploads\/2025\/04\/Anfahrt-Umzug-163x300.jpg 163w\" sizes=\"auto, (max-width: 364px) 100vw, 364px\" \/><\/p>\n<p>Die <strong>Parkpl\u00e4tze<\/strong> befinden sich:<\/p>\n<p><img loading=\"lazy\" decoding=\"async\" class=\"aligncenter size-full wp-image-733\" src=\"https:\/\/fwstockheim.de\/wp-content\/uploads\/2025\/04\/parken2.jpg\" alt=\"\" width=\"433\" height=\"805\" srcset=\"https:\/\/fwstockheim.de\/wp-content\/uploads\/2025\/04\/parken2.jpg 433w, https:\/\/fwstockheim.de\/wp-content\/uploads\/2025\/04\/parken2-161x300.jpg 161w\" sizes=\"auto, (max-width: 433px) 100vw, 433px\" \/><\/p>\n<p><em><strong>P1 + P4 nicht f\u00fcr Fahrzeuge \u00fcber 7,5 Tonnen geeignet.<\/strong><\/em><\/p>\n<p>Der Festzug marschiert vom Dorfplatz \u00fcber die Bergwerksstra\u00dfe und die Eisenbahnbr\u00fccke auf die B85 bis zur Einm\u00fcndung Rathausstra\u00dfe und zum Festplatz am Feuerwehrhaus.<\/p>\n<p>Weitere Infos zu:<br \/><a href=\"https:\/\/fwstockheim.de\/wp-content\/uploads\/2025\/04\/Aufstellflaeche.pdf\">Aufstellfl\u00e4che<\/a><br \/><a href=\"https:\/\/fwstockheim.de\/wp-content\/uploads\/2025\/04\/Festzugeinteilung.pdf\">Festzugeinteilung<\/a><\/p>\n\n\n<p>Frage? E-Mail an <a href=\"mailto:150-jahre@fwstockheim.de\">150-jahre@fwstockheim.de<\/a><\/p>\n","protected":false},"excerpt":{"rendered":"<p>Sonntag, 4. Mai &#8211; Aufstellung und Anmeldung ab 13:30 Uhr:Dorfplatz (BRK-Heim &#8211; Bergwerkstr. 27) Die Aufstellfl\u00e4chen befinden sich in der Ziegenr\u00fcckstr., Traindorfer Str. sowie der Bergwerkstr. ab Gasthaus &#8222;Alte Zeche&#8220;. Zum Aussteigen der Teilnehmer, bitte \u00fcber Neukenroth und die Schulstra\u00dfe anfahren &#8211; Aussteigen am Dorfplatz &#8211; Abfahrt \u00fcber Bergwerkstra\u00dfe (s\u00fcdlich) &#8211; Anschlie\u00dfend parken auf den [&hellip;]<\/p>\n","protected":false},"author":1,"featured_media":0,"parent":711,"menu_order":0,"comment_status":"closed","ping_status":"closed","template":"","meta":{"footnotes":""},"class_list":["post-713","page","type-page","status-publish","hentry"],"_links":{"self":[{"href":"https:\/\/fwstockheim.de\/index.php?rest_route=\/wp\/v2\/pages\/713","targetHints":{"allow":["GET"]}}],"collection":[{"href":"https:\/\/fwstockheim.de\/index.php?rest_route=\/wp\/v2\/pages"}],"about":[{"href":"https:\/\/fwstockheim.de\/index.php?rest_route=\/wp\/v2\/types\/page"}],"author":[{"embeddable":true,"href":"https:\/\/fwstockheim.de\/index.php?rest_route=\/wp\/v2\/users\/1"}],"replies":[{"embeddable":true,"href":"https:\/\/fwstockheim.de\/index.php?rest_route=%2Fwp%2Fv2%2Fcomments&post=713"}],"version-history":[{"count":8,"href":"https:\/\/fwstockheim.de\/index.php?rest_route=\/wp\/v2\/pages\/713\/revisions"}],"predecessor-version":[{"id":773,"href":"https:\/\/fwstockheim.de\/index.php?rest_route=\/wp\/v2\/pages\/713\/revisions\/773"}],"up":[{"embeddable":true,"href":"https:\/\/fwstockheim.de\/index.php?rest_route=\/wp\/v2\/pages\/711"}],"wp:attachment":[{"href":"https:\/\/fwstockheim.de\/index.php?rest_route=%2Fwp%2Fv2%2Fmedia&parent=713"}],"curies":[{"name":"wp","href":"https:\/\/api.w.org\/{rel}","templated":true}]}}