{"id":112,"date":"2019-07-24T18:57:39","date_gmt":"2019-07-24T16:57:39","guid":{"rendered":"http:\/\/fwstockheim.de\/?page_id=112"},"modified":"2024-12-17T14:46:43","modified_gmt":"2024-12-17T13:46:43","slug":"aktiver-einsatzdienst","status":"publish","type":"page","link":"https:\/\/fwstockheim.de\/?page_id=112","title":{"rendered":"Aktiver Einsatzdienst"},"content":{"rendered":"<div id=\"pl-gb112-69fc87c3590ee\"  class=\"panel-layout wp-block-siteorigin-panels-layout-block\" ><div id=\"pg-gb112-69fc87c3590ee-0\"  class=\"panel-grid panel-no-style\" ><div id=\"pgc-gb112-69fc87c3590ee-0-0\"  class=\"panel-grid-cell\" ><div id=\"panel-gb112-69fc87c3590ee-0-0-0\" class=\"so-panel widget widget_black-studio-tinymce widget_black_studio_tinymce panel-first-child panel-last-child\" data-index=\"0\" ><div class=\"textwidget\"><ul>\n<li>Ab dem vollendeten 18. Lebensjahr kann man aktives Mitglied der Freiwilligen Feuerwehr werden und neben \u00dcbungen und Ausbildungen auch an Eins\u00e4tzen teilnehmen.<\/li>\n<\/ul>\n<\/div><\/div><\/div><div id=\"pgc-gb112-69fc87c3590ee-0-1\"  class=\"panel-grid-cell\" ><div id=\"panel-gb112-69fc87c3590ee-0-1-0\" class=\"so-panel widget widget_media_image panel-first-child panel-last-child\" data-index=\"1\" ><img loading=\"lazy\" decoding=\"async\" width=\"300\" height=\"233\" src=\"https:\/\/fwstockheim.de\/wp-content\/uploads\/2022\/01\/20211205_045740_2-300x233.jpg\" class=\"image wp-image-389  attachment-medium size-medium\" alt=\"\" style=\"max-width: 100%; height: auto;\" srcset=\"https:\/\/fwstockheim.de\/wp-content\/uploads\/2022\/01\/20211205_045740_2-300x233.jpg 300w, https:\/\/fwstockheim.de\/wp-content\/uploads\/2022\/01\/20211205_045740_2-1024x796.jpg 1024w, https:\/\/fwstockheim.de\/wp-content\/uploads\/2022\/01\/20211205_045740_2-768x597.jpg 768w, https:\/\/fwstockheim.de\/wp-content\/uploads\/2022\/01\/20211205_045740_2-1536x1194.jpg 1536w, https:\/\/fwstockheim.de\/wp-content\/uploads\/2022\/01\/20211205_045740_2-2048x1592.jpg 2048w, https:\/\/fwstockheim.de\/wp-content\/uploads\/2022\/01\/20211205_045740_2-1200x933.jpg 1200w, https:\/\/fwstockheim.de\/wp-content\/uploads\/2022\/01\/20211205_045740_2-1980x1539.jpg 1980w\" sizes=\"auto, (max-width: 300px) 100vw, 300px\" \/><\/div><\/div><\/div><div id=\"pg-gb112-69fc87c3590ee-1\"  class=\"panel-grid panel-no-style\" ><div id=\"pgc-gb112-69fc87c3590ee-1-0\"  class=\"panel-grid-cell\" ><div id=\"panel-gb112-69fc87c3590ee-1-0-0\" class=\"so-panel widget widget_black-studio-tinymce widget_black_studio_tinymce panel-first-child panel-last-child\" data-index=\"2\" ><div class=\"textwidget\"><ul>\n<li>Nat\u00fcrlich sind auch &#8222;Quereinsteiger&#8220; bei uns willkommen. Vor der Teilnahme an realen Eins\u00e4tzen erh\u00e4lt man zuerst eine Grundausbildung.<\/li>\n<li>Neben den aktiven Mitgliedern gibt es auch f\u00f6rdernde Mitglieder, die Mitglied des Vereines &#8211; aber nicht der aktiven Mannschaft &#8211; sind.<\/li>\n<\/ul>\n<\/div><\/div><\/div><\/div><div id=\"pg-gb112-69fc87c3590ee-2\"  class=\"panel-grid panel-no-style\" ><div id=\"pgc-gb112-69fc87c3590ee-2-0\"  class=\"panel-grid-cell\" ><div id=\"panel-gb112-69fc87c3590ee-2-0-0\" class=\"so-panel widget widget_black-studio-tinymce widget_black_studio_tinymce panel-first-child panel-last-child\" data-index=\"3\" ><div class=\"textwidget\"><p><strong>Frauen in der Feuerwehr?<\/strong><\/p>\n<p>Frauen sind auch bei uns l\u00e4ngst keine Ausnahme mehr. Sie \u00fcben die gleichen Aufgaben und \u00c4mter wie ihre m\u00e4nnlichen Kameraden aus. Wir w\u00fcrden uns sehr freuen, wenn wir in Zukunft noch mehr Frauen f\u00fcr den aktiven Dienst bei der Freiwilligen Feuerwehr gewinnen k\u00f6nnen.\u00a0<\/p>\n<\/div><\/div><\/div><div id=\"pgc-gb112-69fc87c3590ee-2-1\"  class=\"panel-grid-cell\" ><div id=\"panel-gb112-69fc87c3590ee-2-1-0\" class=\"so-panel widget widget_media_image panel-first-child panel-last-child\" data-index=\"4\" ><img loading=\"lazy\" decoding=\"async\" width=\"290\" height=\"422\" src=\"https:\/\/fwstockheim.de\/wp-content\/uploads\/2024\/01\/2024-01-01_11h19_17.png\" class=\"image wp-image-629  attachment-full size-full\" alt=\"\" style=\"max-width: 100%; height: auto;\" srcset=\"https:\/\/fwstockheim.de\/wp-content\/uploads\/2024\/01\/2024-01-01_11h19_17.png 290w, https:\/\/fwstockheim.de\/wp-content\/uploads\/2024\/01\/2024-01-01_11h19_17-206x300.png 206w\" sizes=\"auto, (max-width: 290px) 100vw, 290px\" \/><\/div><\/div><\/div><div id=\"pg-gb112-69fc87c3590ee-3\"  class=\"panel-grid panel-no-style\" ><div id=\"pgc-gb112-69fc87c3590ee-3-0\"  class=\"panel-grid-cell\" ><div id=\"panel-gb112-69fc87c3590ee-3-0-0\" class=\"so-panel widget widget_black-studio-tinymce widget_black_studio_tinymce panel-first-child\" data-index=\"5\" ><div class=\"textwidget\"><p><strong>Bekomme ich eine Verg\u00fctung f\u00fcr meinen Dienst?<\/strong><\/p>\n<p>Nein, die Mitarbeit in der Freiwilligen Feuerwehr ist ehrenamtlich.<\/p>\n<p><strong>Wie bin ich abgesichert, wenn ich w\u00e4hrend des Feuerwehrdienstes einen Unfall habe?<\/strong><\/p>\n<p>F\u00fcr diese F\u00e4lle gibt es die Kommunale Unfallversicherung Bayern (KUVB). Sie springt bei Unf\u00e4llen ein, die auf dem Weg zum oder w\u00e4hrend des Dienstes bzw. Einsatzes, sowie auf dem Weg nach Hause passieren.<\/p>\n<\/div><\/div><div id=\"panel-gb112-69fc87c3590ee-3-0-1\" class=\"so-panel widget widget_media_image panel-last-child\" data-index=\"6\" ><img loading=\"lazy\" decoding=\"async\" width=\"580\" height=\"387\" src=\"https:\/\/fwstockheim.de\/wp-content\/uploads\/2022\/01\/HLF_Zora_26.-Oktober-2019_002-1024x683.jpg\" class=\"image wp-image-395  attachment-large size-large\" alt=\"\" style=\"max-width: 100%; height: auto;\" srcset=\"https:\/\/fwstockheim.de\/wp-content\/uploads\/2022\/01\/HLF_Zora_26.-Oktober-2019_002-1024x683.jpg 1024w, https:\/\/fwstockheim.de\/wp-content\/uploads\/2022\/01\/HLF_Zora_26.-Oktober-2019_002-300x200.jpg 300w, https:\/\/fwstockheim.de\/wp-content\/uploads\/2022\/01\/HLF_Zora_26.-Oktober-2019_002-768x512.jpg 768w, https:\/\/fwstockheim.de\/wp-content\/uploads\/2022\/01\/HLF_Zora_26.-Oktober-2019_002-1536x1024.jpg 1536w, https:\/\/fwstockheim.de\/wp-content\/uploads\/2022\/01\/HLF_Zora_26.-Oktober-2019_002-2048x1365.jpg 2048w, https:\/\/fwstockheim.de\/wp-content\/uploads\/2022\/01\/HLF_Zora_26.-Oktober-2019_002-1200x800.jpg 1200w, https:\/\/fwstockheim.de\/wp-content\/uploads\/2022\/01\/HLF_Zora_26.-Oktober-2019_002-1980x1320.jpg 1980w, https:\/\/fwstockheim.de\/wp-content\/uploads\/2022\/01\/HLF_Zora_26.-Oktober-2019_002-272x182.jpg 272w\" sizes=\"auto, (max-width: 580px) 100vw, 580px\" \/><\/div><\/div><\/div><div id=\"pg-gb112-69fc87c3590ee-4\"  class=\"panel-grid panel-no-style\" ><div id=\"pgc-gb112-69fc87c3590ee-4-0\"  class=\"panel-grid-cell\" ><div id=\"panel-gb112-69fc87c3590ee-4-0-0\" class=\"so-panel widget widget_black-studio-tinymce widget_black_studio_tinymce panel-first-child panel-last-child\" data-index=\"7\" ><div class=\"textwidget\"><p style=\"text-align: center;\">Dein Ansprechpartner:<\/p>\n<p style=\"text-align: center;\">Felix Schwabe<\/p>\n<p style=\"text-align: center;\">Tel. 01520 1962904<\/p>\n<p style=\"text-align: center;\">E-Mail: <a href=\"mailto:info@fwstockheim.de\">info@fwstockheim.de<\/a><\/p>\n<p>&nbsp;<\/p>\n<\/div><\/div><\/div><div id=\"pgc-gb112-69fc87c3590ee-4-1\"  class=\"panel-grid-cell\" ><div id=\"panel-gb112-69fc87c3590ee-4-1-0\" class=\"so-panel widget widget_media_image panel-first-child panel-last-child\" data-index=\"8\" ><img loading=\"lazy\" decoding=\"async\" width=\"255\" height=\"300\" src=\"https:\/\/fwstockheim.de\/wp-content\/uploads\/2022\/01\/Uebung_VU_29.-Juli-2021_042_1-255x300.jpg\" class=\"image wp-image-391  attachment-medium size-medium\" alt=\"\" style=\"max-width: 100%; height: auto;\" srcset=\"https:\/\/fwstockheim.de\/wp-content\/uploads\/2022\/01\/Uebung_VU_29.-Juli-2021_042_1-255x300.jpg 255w, https:\/\/fwstockheim.de\/wp-content\/uploads\/2022\/01\/Uebung_VU_29.-Juli-2021_042_1-871x1024.jpg 871w, https:\/\/fwstockheim.de\/wp-content\/uploads\/2022\/01\/Uebung_VU_29.-Juli-2021_042_1-768x903.jpg 768w, https:\/\/fwstockheim.de\/wp-content\/uploads\/2022\/01\/Uebung_VU_29.-Juli-2021_042_1-1307x1536.jpg 1307w, https:\/\/fwstockheim.de\/wp-content\/uploads\/2022\/01\/Uebung_VU_29.-Juli-2021_042_1-1742x2048.jpg 1742w, https:\/\/fwstockheim.de\/wp-content\/uploads\/2022\/01\/Uebung_VU_29.-Juli-2021_042_1-1200x1411.jpg 1200w, https:\/\/fwstockheim.de\/wp-content\/uploads\/2022\/01\/Uebung_VU_29.-Juli-2021_042_1-1980x2328.jpg 1980w\" sizes=\"auto, (max-width: 255px) 100vw, 255px\" \/><\/div><\/div><\/div><\/div>\n\n\n<p><\/p>\n","protected":false},"excerpt":{"rendered":"<p>Ab dem vollendeten 18. Lebensjahr kann man aktives Mitglied der Freiwilligen Feuerwehr werden und neben \u00dcbungen und Ausbildungen auch an Eins\u00e4tzen teilnehmen. Nat\u00fcrlich sind auch &#8222;Quereinsteiger&#8220; bei uns willkommen. Vor der Teilnahme an realen Eins\u00e4tzen erh\u00e4lt man zuerst eine Grundausbildung. Neben den aktiven Mitgliedern gibt es auch f\u00f6rdernde Mitglieder, die Mitglied des Vereines &#8211; aber [&hellip;]<\/p>\n","protected":false},"author":1,"featured_media":0,"parent":95,"menu_order":0,"comment_status":"closed","ping_status":"closed","template":"","meta":{"footnotes":""},"class_list":["post-112","page","type-page","status-publish","hentry"],"_links":{"self":[{"href":"https:\/\/fwstockheim.de\/index.php?rest_route=\/wp\/v2\/pages\/112","targetHints":{"allow":["GET"]}}],"collection":[{"href":"https:\/\/fwstockheim.de\/index.php?rest_route=\/wp\/v2\/pages"}],"about":[{"href":"https:\/\/fwstockheim.de\/index.php?rest_route=\/wp\/v2\/types\/page"}],"author":[{"embeddable":true,"href":"https:\/\/fwstockheim.de\/index.php?rest_route=\/wp\/v2\/users\/1"}],"replies":[{"embeddable":true,"href":"https:\/\/fwstockheim.de\/index.php?rest_route=%2Fwp%2Fv2%2Fcomments&post=112"}],"version-history":[{"count":24,"href":"https:\/\/fwstockheim.de\/index.php?rest_route=\/wp\/v2\/pages\/112\/revisions"}],"predecessor-version":[{"id":648,"href":"https:\/\/fwstockheim.de\/index.php?rest_route=\/wp\/v2\/pages\/112\/revisions\/648"}],"up":[{"embeddable":true,"href":"https:\/\/fwstockheim.de\/index.php?rest_route=\/wp\/v2\/pages\/95"}],"wp:attachment":[{"href":"https:\/\/fwstockheim.de\/index.php?rest_route=%2Fwp%2Fv2%2Fmedia&parent=112"}],"curies":[{"name":"wp","href":"https:\/\/api.w.org\/{rel}","templated":true}]}}