{"id":108,"date":"2019-07-24T19:22:11","date_gmt":"2019-07-24T17:22:11","guid":{"rendered":"http:\/\/fwstockheim.de\/?page_id=108"},"modified":"2024-01-01T11:15:38","modified_gmt":"2024-01-01T10:15:38","slug":"kinderfeuerwehr","status":"publish","type":"page","link":"https:\/\/fwstockheim.de\/?page_id=108","title":{"rendered":"Kinderfeuerwehr"},"content":{"rendered":"<div id=\"pl-gb108-69ee294b531ee\"  class=\"panel-layout\" ><div id=\"pg-gb108-69ee294b531ee-0\"  class=\"panel-grid panel-no-style\" ><div id=\"pgc-gb108-69ee294b531ee-0-0\"  class=\"panel-grid-cell\" ><div id=\"panel-gb108-69ee294b531ee-0-0-0\" class=\"so-panel widget widget_black-studio-tinymce widget_black_studio_tinymce panel-first-child\" data-index=\"0\" ><div class=\"textwidget\"><p style=\"text-align: center;\">Die Kinderfeuerwehr soll es M\u00e4dchen und Jungs bereits ab 6 Jahren erm\u00f6glichen, etwas tiefer in ihre Faszination Feuerwehr einzutauchen und ihr Interesse so weiter f\u00f6rdern.<\/p>\n<p style=\"text-align: center;\"><em>Spa\u00df und Spiel stehen im Vordergrund<\/em>&#8230;nebenbei wird aber auch erstes feuerwehr-technisches Wissen und K\u00f6nnen vermittelt.<\/p>\n<\/div><\/div><div id=\"panel-gb108-69ee294b531ee-0-0-1\" class=\"so-panel widget widget_sow-slider\" data-index=\"1\" ><div\n\t\t\t\n\t\t\tclass=\"so-widget-sow-slider so-widget-sow-slider-default-6d39609536fd-108\"\n\t\t\t\n\t\t>\t\t\t\t<div class=\"sow-slider-base\" style=\"display: none\" tabindex=\"0\">\n\t\t\t\t\t<ul\n\t\t\t\t\tclass=\"sow-slider-images\"\n\t\t\t\t\tdata-settings=\"{&quot;pagination&quot;:true,&quot;speed&quot;:500,&quot;timeout&quot;:5000,&quot;paused&quot;:false,&quot;pause_on_hover&quot;:false,&quot;swipe&quot;:true,&quot;nav_always_show_desktop&quot;:&quot;&quot;,&quot;nav_always_show_mobile&quot;:true,&quot;breakpoint&quot;:&quot;780px&quot;,&quot;unmute&quot;:false,&quot;anchor&quot;:null}\"\n\t\t\t\t\t\t\t\t\t\tdata-anchor-id=\"\"\n\t\t\t\t>\t\t<li class=\"sow-slider-image\" style=\"visibility: visible;\" >\n\t\t\t\t\t\t<div class=\"sow-slider-image-container\">\n\t\t\t\t<div class=\"sow-slider-image-wrapper\" style=\"max-width: 2048px\">\n\t\t\t\t\t\t\t\t\t\t<div class=\"sow-slider-image-foreground-wrapper\">\n\t\t\t\t\t\t<img loading=\"lazy\" decoding=\"async\" width=\"2048\" height=\"1363\" src=\"https:\/\/fwstockheim.de\/wp-content\/uploads\/2019\/07\/kifeu5.jpg\" class=\"sow-slider-foreground-image\" alt=\"\" style=\"\" srcset=\"https:\/\/fwstockheim.de\/wp-content\/uploads\/2019\/07\/kifeu5.jpg 2048w, https:\/\/fwstockheim.de\/wp-content\/uploads\/2019\/07\/kifeu5-300x200.jpg 300w, https:\/\/fwstockheim.de\/wp-content\/uploads\/2019\/07\/kifeu5-768x511.jpg 768w, https:\/\/fwstockheim.de\/wp-content\/uploads\/2019\/07\/kifeu5-1024x682.jpg 1024w, https:\/\/fwstockheim.de\/wp-content\/uploads\/2019\/07\/kifeu5-751x500.jpg 751w, https:\/\/fwstockheim.de\/wp-content\/uploads\/2019\/07\/kifeu5-272x182.jpg 272w\" sizes=\"auto, (max-width: 2048px) 100vw, 2048px\" \/>\t\t\t\t\t<\/div>\n\t\t\t\t\t\t\t\t\t<\/div>\n\t\t\t<\/div>\n\t\t\t\t\t<\/li>\n\t\t\t\t<li class=\"sow-slider-image\" style=\"visibility: hidden;\" >\n\t\t\t\t\t\t<div class=\"sow-slider-image-container\">\n\t\t\t\t<div class=\"sow-slider-image-wrapper\" style=\"max-width: 2048px\">\n\t\t\t\t\t\t\t\t\t\t<div class=\"sow-slider-image-foreground-wrapper\">\n\t\t\t\t\t\t<img loading=\"lazy\" decoding=\"async\" width=\"2048\" height=\"1363\" src=\"https:\/\/fwstockheim.de\/wp-content\/uploads\/2019\/07\/kifeu4.jpg\" class=\"sow-slider-foreground-image\" alt=\"\" style=\"\" srcset=\"https:\/\/fwstockheim.de\/wp-content\/uploads\/2019\/07\/kifeu4.jpg 2048w, https:\/\/fwstockheim.de\/wp-content\/uploads\/2019\/07\/kifeu4-300x200.jpg 300w, https:\/\/fwstockheim.de\/wp-content\/uploads\/2019\/07\/kifeu4-768x511.jpg 768w, https:\/\/fwstockheim.de\/wp-content\/uploads\/2019\/07\/kifeu4-1024x682.jpg 1024w, https:\/\/fwstockheim.de\/wp-content\/uploads\/2019\/07\/kifeu4-751x500.jpg 751w, https:\/\/fwstockheim.de\/wp-content\/uploads\/2019\/07\/kifeu4-272x182.jpg 272w\" sizes=\"auto, (max-width: 2048px) 100vw, 2048px\" \/>\t\t\t\t\t<\/div>\n\t\t\t\t\t\t\t\t\t<\/div>\n\t\t\t<\/div>\n\t\t\t\t\t<\/li>\n\t\t\t\t<li class=\"sow-slider-image\" style=\"visibility: hidden;\" >\n\t\t\t\t\t\t<img loading=\"lazy\" decoding=\"async\" width=\"2048\" height=\"1363\" src=\"https:\/\/fwstockheim.de\/wp-content\/uploads\/2019\/07\/kifeu2.jpg\" class=\"sow-slider-background-image\" alt=\"\" style=\"\" srcset=\"https:\/\/fwstockheim.de\/wp-content\/uploads\/2019\/07\/kifeu2.jpg 2048w, https:\/\/fwstockheim.de\/wp-content\/uploads\/2019\/07\/kifeu2-300x200.jpg 300w, https:\/\/fwstockheim.de\/wp-content\/uploads\/2019\/07\/kifeu2-768x511.jpg 768w, https:\/\/fwstockheim.de\/wp-content\/uploads\/2019\/07\/kifeu2-1024x682.jpg 1024w, https:\/\/fwstockheim.de\/wp-content\/uploads\/2019\/07\/kifeu2-751x500.jpg 751w, https:\/\/fwstockheim.de\/wp-content\/uploads\/2019\/07\/kifeu2-272x182.jpg 272w\" sizes=\"auto, (max-width: 2048px) 100vw, 2048px\" \/>\t\t<\/li>\n\t\t\t\t<li class=\"sow-slider-image\" style=\"visibility: hidden;\" >\n\t\t\t\t\t\t<img loading=\"lazy\" decoding=\"async\" width=\"2048\" height=\"1363\" src=\"https:\/\/fwstockheim.de\/wp-content\/uploads\/2019\/07\/kifeu3.jpg\" class=\"sow-slider-background-image\" alt=\"\" style=\"\" srcset=\"https:\/\/fwstockheim.de\/wp-content\/uploads\/2019\/07\/kifeu3.jpg 2048w, https:\/\/fwstockheim.de\/wp-content\/uploads\/2019\/07\/kifeu3-300x200.jpg 300w, https:\/\/fwstockheim.de\/wp-content\/uploads\/2019\/07\/kifeu3-768x511.jpg 768w, https:\/\/fwstockheim.de\/wp-content\/uploads\/2019\/07\/kifeu3-1024x682.jpg 1024w, https:\/\/fwstockheim.de\/wp-content\/uploads\/2019\/07\/kifeu3-751x500.jpg 751w, https:\/\/fwstockheim.de\/wp-content\/uploads\/2019\/07\/kifeu3-272x182.jpg 272w\" sizes=\"auto, (max-width: 2048px) 100vw, 2048px\" \/>\t\t<\/li>\n\t\t\t\t<li class=\"sow-slider-image\" style=\"visibility: hidden;\" >\n\t\t\t\t\t\t<div class=\"sow-slider-image-container\">\n\t\t\t\t<div class=\"sow-slider-image-wrapper\" style=\"max-width: 2048px\">\n\t\t\t\t\t\t\t\t\t\t<div class=\"sow-slider-image-foreground-wrapper\">\n\t\t\t\t\t\t<img loading=\"lazy\" decoding=\"async\" width=\"2048\" height=\"1363\" src=\"https:\/\/fwstockheim.de\/wp-content\/uploads\/2019\/07\/kifeu1.jpg\" class=\"sow-slider-foreground-image\" alt=\"\" style=\"\" srcset=\"https:\/\/fwstockheim.de\/wp-content\/uploads\/2019\/07\/kifeu1.jpg 2048w, https:\/\/fwstockheim.de\/wp-content\/uploads\/2019\/07\/kifeu1-300x200.jpg 300w, https:\/\/fwstockheim.de\/wp-content\/uploads\/2019\/07\/kifeu1-768x511.jpg 768w, https:\/\/fwstockheim.de\/wp-content\/uploads\/2019\/07\/kifeu1-1024x682.jpg 1024w, https:\/\/fwstockheim.de\/wp-content\/uploads\/2019\/07\/kifeu1-751x500.jpg 751w, https:\/\/fwstockheim.de\/wp-content\/uploads\/2019\/07\/kifeu1-272x182.jpg 272w\" sizes=\"auto, (max-width: 2048px) 100vw, 2048px\" \/>\t\t\t\t\t<\/div>\n\t\t\t\t\t\t\t\t\t<\/div>\n\t\t\t<\/div>\n\t\t\t\t\t<\/li>\n\t\t<\/ul>\t\t\t\t<ol class=\"sow-slider-pagination\">\n\t\t\t\t\t\t\t\t\t\t\t<li><a href=\"#\" data-goto=\"0\" aria-label=\"Display slide 1\"><\/a><\/li>\n\t\t\t\t\t\t\t\t\t\t\t<li><a href=\"#\" data-goto=\"1\" aria-label=\"Display slide 2\"><\/a><\/li>\n\t\t\t\t\t\t\t\t\t\t\t<li><a href=\"#\" data-goto=\"2\" aria-label=\"Display slide 3\"><\/a><\/li>\n\t\t\t\t\t\t\t\t\t\t\t<li><a href=\"#\" data-goto=\"3\" aria-label=\"Display slide 4\"><\/a><\/li>\n\t\t\t\t\t\t\t\t\t\t\t<li><a href=\"#\" data-goto=\"4\" aria-label=\"Display slide 5\"><\/a><\/li>\n\t\t\t\t\t\t\t\t\t<\/ol>\n\n\t\t\t\t<div class=\"sow-slide-nav sow-slide-nav-next\">\n\t\t\t\t\t<a href=\"#\" data-goto=\"next\" aria-label=\"Next slide\" data-action=\"next\">\n\t\t\t\t\t\t<em class=\"sow-sld-icon-medium-right\"><\/em>\n\t\t\t\t\t<\/a>\n\t\t\t\t<\/div>\n\n\t\t\t\t<div class=\"sow-slide-nav sow-slide-nav-prev\">\n\t\t\t\t\t<a href=\"#\" data-goto=\"previous\" aria-label=\"Previous slide\" data-action=\"prev\">\n\t\t\t\t\t\t<em class=\"sow-sld-icon-medium-left\"><\/em>\n\t\t\t\t\t<\/a>\n\t\t\t\t<\/div>\n\t\t\t\t<\/div><\/div><\/div><div id=\"panel-gb108-69ee294b531ee-0-0-2\" class=\"so-panel widget widget_black-studio-tinymce widget_black_studio_tinymce panel-last-child\" data-index=\"2\" ><div class=\"textwidget\"><p style=\"text-align: center;\">Deine Ansprechpartnerin f\u00fcr die Kinderfeuerwehr:<\/p>\n<p style=\"text-align: center;\">Diana Hergenr\u00f6ther<\/p>\n<p style=\"text-align: center;\">0151-28812316<\/p>\n<p style=\"text-align: center;\">E-Mail: <a href=\"mailto:kinder@fwstockheim.de\">kinder@fwstockheim.de<\/a><\/p>\n<p>&nbsp;<\/p>\n<\/div><\/div><\/div><\/div><\/div>","protected":false},"excerpt":{"rendered":"<p>Die Kinderfeuerwehr soll es M\u00e4dchen und Jungs bereits ab 6 Jahren erm\u00f6glichen, etwas tiefer in ihre Faszination Feuerwehr einzutauchen und ihr Interesse so weiter f\u00f6rdern. Spa\u00df und Spiel stehen im Vordergrund&#8230;nebenbei wird aber auch erstes feuerwehr-technisches Wissen und K\u00f6nnen vermittelt. Deine Ansprechpartnerin f\u00fcr die Kinderfeuerwehr: Diana Hergenr\u00f6ther 0151-28812316 E-Mail: kinder@fwstockheim.de &nbsp;<\/p>\n","protected":false},"author":1,"featured_media":0,"parent":95,"menu_order":0,"comment_status":"closed","ping_status":"closed","template":"","meta":{"footnotes":""},"class_list":["post-108","page","type-page","status-publish","hentry"],"_links":{"self":[{"href":"https:\/\/fwstockheim.de\/index.php?rest_route=\/wp\/v2\/pages\/108","targetHints":{"allow":["GET"]}}],"collection":[{"href":"https:\/\/fwstockheim.de\/index.php?rest_route=\/wp\/v2\/pages"}],"about":[{"href":"https:\/\/fwstockheim.de\/index.php?rest_route=\/wp\/v2\/types\/page"}],"author":[{"embeddable":true,"href":"https:\/\/fwstockheim.de\/index.php?rest_route=\/wp\/v2\/users\/1"}],"replies":[{"embeddable":true,"href":"https:\/\/fwstockheim.de\/index.php?rest_route=%2Fwp%2Fv2%2Fcomments&post=108"}],"version-history":[{"count":10,"href":"https:\/\/fwstockheim.de\/index.php?rest_route=\/wp\/v2\/pages\/108\/revisions"}],"predecessor-version":[{"id":628,"href":"https:\/\/fwstockheim.de\/index.php?rest_route=\/wp\/v2\/pages\/108\/revisions\/628"}],"up":[{"embeddable":true,"href":"https:\/\/fwstockheim.de\/index.php?rest_route=\/wp\/v2\/pages\/95"}],"wp:attachment":[{"href":"https:\/\/fwstockheim.de\/index.php?rest_route=%2Fwp%2Fv2%2Fmedia&parent=108"}],"curies":[{"name":"wp","href":"https:\/\/api.w.org\/{rel}","templated":true}]}}